{"id":7611,"date":"2023-10-19T14:53:19","date_gmt":"2023-10-19T12:53:19","guid":{"rendered":"https:\/\/protasova.coach\/?page_id=7611"},"modified":"2023-10-19T14:53:20","modified_gmt":"2023-10-19T12:53:20","slug":"polityka-prywatnosci","status":"publish","type":"page","link":"https:\/\/protasova.coach\/ru_ru\/polityka-prywatnosci\/","title":{"rendered":"Polityka Prywatno\u015bci"},"content":{"rendered":"\n<p>POLITYKA PRYWATNO\u015aCI SKLEPU INTERNETOWEGO <strong>Protasova Marina coach<\/strong>, (\u201eSKLEP\u201d)<\/p>\n\n\n\n<p><strong>DROGI U\u017bYTKOWNIKU!<\/strong><\/p>\n\n\n\n<p>Dbamy o Twoj\u0105 prywatno\u015b\u0107 i chcemy, aby\u015b w czasie korzystania z naszych us\u0142ug czu\u0142 si\u0119 komfortowo. Dlatego te\u017c poni\u017cej prezentujemy Ci najwa\u017cniejsze informacje o zasadach przetwarzania przez nas Twoich danych osobowych oraz plikach cookies, kt\u00f3re s\u0105 wykorzystywane przez nasz Sklep. Informacje te zosta\u0142y przygotowane z uwzgl\u0119dnieniem RODO, czyli og\u00f3lnego rozporz\u0105dzenia o ochronie danych.<\/p>\n\n\n\n<p><strong>ADMINISTRATOR DANYCH OSOBOWYCH<\/strong><\/p>\n\n\n\n<p>ALIAKSANDRA PRATASAVA,, przedsi\u0119biorca prowadz\u0105cy dzia\u0142alno\u015b\u0107 gospodarcz\u0105 pod firm\u0105 ALIAKSANDRA PRATASAVA, wpisany do Centralnej Ewidencji i Informacji o Dzia\u0142alno\u015bci Gospodarczej prowadzonej przez ministra w\u0142a\u015bciwego do spraw gospodarki i prowadzenia Centralnej Ewidencji i Informacji o Dzia\u0142alno\u015bci Gospodarczej, NIP 7282877136 nr REGON 526419275 Tymienieckiego 62, lok. 45, 90-337, \u0141\u00f3d\u017a.<\/p>\n\n\n\n<p>Je\u015bli chcesz skontaktowa\u0107 si\u0119 z nami w zwi\u0105zku z przetwarzaniem przez nas Twoich danych osobowych, napisz do nas na adres e-mail: info@protasova.coach<\/p>\n\n\n\n<p><strong>TWOJE UPRAWNIENIA<\/strong><\/p>\n\n\n\n<p>Przys\u0142uguje Ci prawo \u017c\u0105dania:<\/p>\n\n\n\n<p>dost\u0119pu do Twoich danych osobowych, w tym uzyskania kopii Twoich danych (art. 15 RODO lub &#8212; je\u015bli ma to zastosowanie &#8212; art. 13 ust. 1 lit. f RODO),<\/p>\n\n\n\n<p>ich sprostowania (art. 16 RODO),<\/p>\n\n\n\n<p>usuni\u0119cia (art. 17 RODO),<\/p>\n\n\n\n<p>ograniczenia przetwarzania (art. 18 RODO),<\/p>\n\n\n\n<p>przeniesienia danych do innego administratora (art. 20 RODO).<\/p>\n\n\n\n<p>A tak\u017ce prawo:<\/p>\n\n\n\n<p>wniesienia w dowolnym momencie sprzeciwu wobec przetwarzania Twoich danych:<\/p>\n\n\n\n<p>z przyczyn zwi\u0105zanych z Twoj\u0105 szczeg\u00f3ln\u0105 sytuacj\u0105 \u2013 wobec przetwarzania dotycz\u0105cych Ciebie danych osobowych, opartego na art. 6 ust. 1 lit. f RODO (tj. na realizowanych przez nas prawnie uzasadnionych interesach) (art. 21 ust. 1 RODO);<\/p>\n\n\n\n<p>je\u017celi dane osobowe s\u0105 przetwarzane na potrzeby marketingu bezpo\u015bredniego, w zakresie, w jakim przetwarzanie jest zwi\u0105zane z takim marketingiem bezpo\u015brednim (art. 21 ust. 2 RODO).<\/p>\n\n\n\n<p>Skontaktuj si\u0119 z nami, je\u015bli chcesz skorzysta\u0107 ze swoich praw. Sprzeciw w odniesieniu do wykorzystywania przez nas plik\u00f3w cookies (o kt\u00f3rych przeczytasz poni\u017cej) mo\u017cesz wyrazi\u0107 zw\u0142aszcza za pomoc\u0105 odpowiednich ustawie\u0144 przegl\u0105darki.<\/p>\n\n\n\n<p>Je\u015bli uznasz, \u017ce Twoje dane s\u0105 przetwarzane niezgodnie z prawem, mo\u017cesz z\u0142o\u017cy\u0107 skarg\u0119 do Prezesa Urz\u0119du Ochrony Danych Osobowych.<\/p>\n\n\n\n<p><strong>DANE OSOBOWE I PRYWATNO\u015a\u0106<\/strong><\/p>\n\n\n\n<p>Poni\u017cej znajdziesz szczeg\u00f3\u0142owe informacje na temat przetwarzania Twoich danych w zale\u017cno\u015bci od podejmowanych przez Ciebie dzia\u0142a\u0144.<\/p>\n\n\n\n<p><strong>1. Z\u0141O\u017bENIE ZAM\u00d3WIENIA W SKLEPIE<\/strong><\/p>\n\n\n\n<p>W celu realizacji twojego zam\u00f3wienia dzia\u0142amy na podstawie umowy o dostarczenie tre\u015bci cyfrowych (art. 6 ust. 1 lit. b RODO)obowi\u0105zek prawny, zwi\u0105zany z rachunkowo\u015bci\u0105, zobowi\u0105zuj\u0105cy nas do przetwarzania Twoich danych osobowych (art. 6 ust. 1 lit. c RODO.<\/p>\n\n\n\n<p>Przez okres obowi\u0105zywania wy\u017cej wymienionej umowy do momentu wyga\u015bni\u0119cia ci\u0105\u017c\u0105cego na nas obowi\u0105zku prawnego, zwi\u0105zanego z rachunkowo\u015bci \u0105 ponadto, Twoje dane b\u0119d\u0105 przetwarzane do up\u0142ywu okresu, w kt\u00f3rym mo\u017cliwe jest dochodzenie roszcze\u0144 \u2013 przez Ciebie lub przez nas<\/p>\n\n\n\n<p>(wi\u0119cej informacji na ten temat znajdziesz w ostatniej tabeli tej sekcji)<\/p>\n\n\n\n<p>Bez podania danych nie b\u0119dziesz mie\u0107 mo\u017cliwo\u015bci z\u0142o\u017cenia zam\u00f3wienia<\/p>\n\n\n\n<p><strong>2. NAWI\u0104ZANIE Z NAMI KONTAKTU (NP. W CELU ZADANIA PYTANIA)<\/strong><\/p>\n\n\n\n<p>W celu obs\u0142ugi Twoich zapyta\u0144 lub zg\u0142osze\u0144 dzia\u0142amy na podstawie umowy lub dzia\u0142ania podejmowane na Twoje \u017c\u0105danie, zmierzaj\u0105ce do jej zawarcia (art. 6 ust. 1 lit. b RODO) \u2013 w przypadku gdy Twoje zapytanie lub zg\u0142oszenie dotyczy umowy, kt\u00f3rej jeste\u015bmy lub mo\u017cemy by\u0107 stron\u0105 nasz prawnie uzasadniony interes, polegaj\u0105cy na przetwarzaniu Twoich danych w celu prowadzenia z Tob\u0105 komunikacji (art. 6 ust. 1 lit. f RODO) \u2013 je\u017celi Twoje zapytanie lub zg\u0142oszenie nie ma zwi\u0105zku z umow\u0105<\/p>\n\n\n\n<p>Przez czas trwania wi\u0105\u017c\u0105cej nas umowy lub \u2013 je\u015bli umowa nie zostanie zawarta &#8212; do up\u0142ywu okresu dochodzenia roszcze\u0144 \u2013 zobacz ostatni\u0105 tabel\u0119 tej sekcji*do up\u0142ywu okresu dochodzenia roszcze\u0144 \u2013 zobacz ostatni\u0105 tabel\u0119 tej sekcji &#8212; lub do momentu, w kt\u00f3rym uwzgl\u0119dnimy Tw\u00f3j sprzeciw wobec przetwarzania*ponadto, Twoje dane b\u0119d\u0105 przetwarzane do up\u0142ywu okresu, w kt\u00f3rym mo\u017cliwe jest dochodzenie roszcze\u0144 \u2013 przez Ciebie lub przez nas<\/p>\n\n\n\n<p>(wi\u0119cej informacji na ten temat znajdziesz w ostatniej tabeli tej sekcji<\/p>\n\n\n\n<p>Bez podania danych nie b\u0119dziemy mieli mo\u017cliwo\u015bci udzielenia odpowiedzi na Twoje zapytanie lub zg\u0142oszenie<\/p>\n\n\n\n<p>* w zale\u017cno\u015bci od tego, kt\u00f3re ma zastosowanie w danym przypadku<\/p>\n\n\n\n<p><strong>DZIA\u0141ANIA ANALITYCZNE<\/strong><\/p>\n\n\n\n<p>W ramach strony internetowej Sklepu prowadzimy dzia\u0142ania analityczne, maj\u0105ce na celu zwi\u0119kszenie jej intuicyjno\u015bci i przyst\u0119pno\u015bci \u2013 w odniesieniu do Ciebie b\u0119dzie to mia\u0142o miejsce, je\u015bli zezwolisz na takie dzia\u0142ania. W ramach analizy b\u0119dziemy bra\u0107 pod uwag\u0119 spos\u00f3b, w jaki poruszasz si\u0119 po Sklepie \u2013 a wi\u0119c np. to, ile czasu sp\u0119dzasz na danej podstronie, czy w kt\u00f3re miejsca w Sklepie klikasz. Dzi\u0119ki temu podczas prac nad rozwojem Sklepu b\u0119dziemy mogli zoptymalizowa\u0107 jego uk\u0142ad, wygl\u0105d oraz zamieszczane w nim tre\u015bci, tak aby polepszy\u0107 jego funkcjonalno\u015b\u0107.<\/p>\n\n\n\n<p><strong>BEZPIECZE\u0143STWO DANYCH<\/strong><\/p>\n\n\n\n<p>Przetwarzaj\u0105c Twoje dane osobowe stosujemy \u015brodki organizacyjne i techniczne zgodne z w\u0142a\u015bciwymi przepisami prawa, w tym stosujemy szyfrowanie po\u0142\u0105czenia za pomoc\u0105 certyfikatu SSL\/TLS.<\/p>\n\n\n\n<p><strong>PLIKI COOKIES<\/strong><\/p>\n\n\n\n<p>Nasz Sklep, jak wi\u0119kszo\u015b\u0107 witryn internetowych, korzysta z tzw. plik\u00f3w cookies (ciasteczek). Pliki te:<\/p>\n\n\n\n<p>s\u0105 zapisywane w pami\u0119ci Twojego urz\u0105dzenia (komputera, telefonu, itd.);<\/p>\n\n\n\n<p>nie powoduj\u0105 zmian w ustawieniach Twojego urz\u0105dzenia.<\/p>\n\n\n\n<p>W tym Sklepie ciasteczka wykorzystywane s\u0105 w celach:<\/p>\n\n\n\n<p>statystycznych<\/p>\n\n\n\n<p>Aby dowiedzie\u0107 si\u0119, jak zarz\u0105dza\u0107 plikami cookies, w tym jak wy\u0142\u0105czy\u0107 ich obs\u0142ug\u0119 w Twojej przegl\u0105darce, mo\u017cesz skorzysta\u0107 z pliku pomocy Twojej przegl\u0105darki. Z informacjami na ten temat mo\u017cesz zapozna\u0107 si\u0119 wciskaj\u0105c klawisz F1 w przegl\u0105darce. Ponadto odpowiednie wskaz\u00f3wki znajdziesz na nast\u0119puj\u0105cych podstronach, w zale\u017cno\u015bci od przegl\u0105darki, kt\u00f3rej u\u017cywasz:<\/p>\n\n\n\n<p>Google Chrome<\/p>\n\n\n\n<p>Opera<\/p>\n\n\n\n<p>Safari<\/p>\n\n\n\n<p>Mozilla Firefox<\/p>\n\n\n\n<p>Microsoft Edge<\/p>\n\n\n\n<p>Pliki cookies nie b\u0119d\u0105 przetwarzane przez nas d\u0142u\u017cej ni\u017c 24h. od ostatniej wizyty w Sklepie.<\/p>\n\n\n\n<p>Korzystaj\u0105c z odpowiednich opcji Twojej przegl\u0105darki, w ka\u017cdej chwili mo\u017cesz:<\/p>\n\n\n\n<p>usun\u0105\u0107 pliki cookies,<\/p>\n\n\n\n<p>blokowa\u0107 wykorzystanie plik\u00f3w cookies w przysz\u0142o\u015bci.<\/p>\n\n\n\n<p>W takich przypadkach nie b\u0119dziemy ich ju\u017c d\u0142u\u017cej przetwarza\u0107.<\/p>\n\n\n\n<p><strong>US\u0141UGI ZEWN\u0118TRZNE \/ ODBIORCY DANYCH<\/strong><\/p>\n\n\n\n<p>Korzystamy z us\u0142ug podmiot\u00f3w zewn\u0119trznych, kt\u00f3re wspieraj\u0105 nas w prowadzeniu dzia\u0142alno\u015bci. Powierzamy im do przetwarzania Twoje dane \u2013 podmioty te przetwarzaj\u0105 dane wy\u0142\u0105cznie na nasze udokumentowane polecenie.<\/p>\n\n\n\n<p>Poni\u017cej znajdziesz list\u0119 odbiorc\u00f3w Twoich danych:<\/p>\n\n\n\n<p><strong>DZIA\u0141ANIE ODBIORCY DANYCH PRZEKAZANIE DANYCH POZA UNI\u0118 EUROPEJSK\u0104<\/strong><\/p>\n\n\n\n<p>ka\u017cde dzia\u0142anie w zwi\u0105zku ze Sklepem hostingodawca<\/p>\n\n\n\n<p>podmiot zapewniaj\u0105cy nam wsparcie techniczne\/IT<\/p>\n\n\n\n<p>dostawca oprogramowania do prowadzenia sprzeda\u017cy<\/p>\n\n\n\n<p>przebywanie na stronie Sklepu z ustawieniami zezwalaj\u0105cymi na prowadzenie dzia\u0142a\u0144 marketingowych podmiot zapewniaj\u0105cy us\u0142ugi marketingowe<\/p>\n\n\n\n<p>przebywanie na stronie Sklepu z ustawieniami zezwalaj\u0105cymi na prowadzenie dzia\u0142a\u0144 analitycznych podmiot umo\u017cliwiaj\u0105cy dzia\u0142ania analityczne na stronie<\/p>\n\n\n\n<p>z\u0142o\u017cenie zam\u00f3wienia w Sklepie dostawca p\u0142atno\u015bci<\/p>\n\n\n\n<p>podmiot dostarczaj\u0105cy do Ciebie produkt<\/p>\n\n\n\n<p>dostawca oprogramowania u\u0142atwiaj\u0105cego prowadzenie dzia\u0142alno\u015bci (np. oprogramowanie ksi\u0119gowe)<\/p>\n\n\n\n<p>biuro rachunkowe<\/p>\n\n\n\n<p>zapis na newsletter lub wyra\u017cenie zgody na przesy\u0142anie wiadomo\u015bci marketingowych podmiot zapewniaj\u0105cy wysy\u0142k\u0119 newslettera lub wiadomo\u015bci marketingowych<\/p>\n\n\n\n<p>skorzystanie przez Ciebie z us\u0142ug dostarczanych nam w zwi\u0105zku ze Sklepem przez portale spo\u0142eczno\u015bciowe<\/p>\n\n\n\n<p>A ponadto:<\/p>\n\n\n\n<p>odpowiednie organy publiczne w zakresie, w jakim jeste\u015bmy zobowi\u0105zani do udost\u0119pnienia im danych.<\/p>\n","protected":false},"excerpt":{"rendered":"<p>POLITYKA PRYWATNO\u015aCI SKLEPU INTERNETOWEGO Protasova Marina coach, (\u201eSKLEP\u201d) DROGI U\u017bYTKOWNIKU! Dbamy o Twoj\u0105 prywatno\u015b\u0107 i chcemy, aby\u015b w czasie korzystania<\/p>\n","protected":false},"author":250,"featured_media":0,"parent":0,"menu_order":0,"comment_status":"closed","ping_status":"closed","template":"","meta":{"footnotes":""},"class_list":["post-7611","page","type-page","status-publish","hentry"],"aioseo_notices":[],"_links":{"self":[{"href":"https:\/\/protasova.coach\/ru_ru\/wp-json\/wp\/v2\/pages\/7611","targetHints":{"allow":["GET"]}}],"collection":[{"href":"https:\/\/protasova.coach\/ru_ru\/wp-json\/wp\/v2\/pages"}],"about":[{"href":"https:\/\/protasova.coach\/ru_ru\/wp-json\/wp\/v2\/types\/page"}],"author":[{"embeddable":true,"href":"https:\/\/protasova.coach\/ru_ru\/wp-json\/wp\/v2\/users\/250"}],"replies":[{"embeddable":true,"href":"https:\/\/protasova.coach\/ru_ru\/wp-json\/wp\/v2\/comments?post=7611"}],"version-history":[{"count":1,"href":"https:\/\/protasova.coach\/ru_ru\/wp-json\/wp\/v2\/pages\/7611\/revisions"}],"predecessor-version":[{"id":7612,"href":"https:\/\/protasova.coach\/ru_ru\/wp-json\/wp\/v2\/pages\/7611\/revisions\/7612"}],"wp:attachment":[{"href":"https:\/\/protasova.coach\/ru_ru\/wp-json\/wp\/v2\/media?parent=7611"}],"curies":[{"name":"wp","href":"https:\/\/api.w.org\/{rel}","templated":true}]}}