{"id":7646,"date":"2024-02-24T22:48:45","date_gmt":"2024-02-24T20:48:45","guid":{"rendered":"https:\/\/protasova.coach\/?post_type=product&#038;p=7646"},"modified":"2026-02-05T22:59:10","modified_gmt":"2026-02-05T20:59:10","slug":"%d1%81%d0%ba%d0%b0%d0%ba%d0%b0%d0%bb%d0%ba%d0%b0-%d0%b4%d0%bb%d1%8f-%d0%b4%d0%b5%d1%82%d0%b5%d0%b9-5-7-%d0%bb%d0%b5%d1%82-2-%d1%87%d0%b0%d1%81%d1%82%d1%8c-49-%d0%bc%d0%b8%d0%bd","status":"publish","type":"product","link":"https:\/\/protasova.coach\/pl\/produkt\/%d1%81%d0%ba%d0%b0%d0%ba%d0%b0%d0%bb%d0%ba%d0%b0-%d0%b4%d0%bb%d1%8f-%d0%b4%d0%b5%d1%82%d0%b5%d0%b9-5-7-%d0%bb%d0%b5%d1%82-2-%d1%87%d0%b0%d1%81%d1%82%d1%8c-49-%d0%bc%d0%b8%d0%bd\/","title":{"rendered":"Skakanka dla dzieci 5-7 lat cz\u0119\u015b\u0107 2 (49 minut)"},"content":{"rendered":"<div class=\"vc_row wpb_row vc_row-fluid\"><div class=\"wpb_column vc_column_container vc_col-sm-6\"><div class=\"vc_column-inner\"><div class=\"wpb_wrapper\">\n\t<div class=\"wpb_text_column wpb_content_element\" >\n\t\t<div class=\"wpb_wrapper\">\n\t\t\t<p class=\"p1\">\u0421\u041a\u0410\u041a\u0410\u041b\u041a\u0410 \u0434\u043b\u044f \u0434\u0435\u0442\u0435\u0439 5-7 \u043b\u0435\u0442 2 \u0447\u0430\u0441\u0442\u044c (49 \u043c\u0438\u043d).<\/p>\n<ul>\n<li class=\"p1\">&#171;\u0432\u043e\u0441\u044c\u043c\u0435\u0440\u043a\u0438&#187;<\/li>\n<li class=\"p1\">&#171;\u044d\u0448\u0430\u043f\u0435&#187;<\/li>\n<li class=\"p1\">\u0442\u0435\u0445\u043d\u0438\u043a\u0430 \u0431\u0440\u043e\u0441\u043a\u043e\u0432<\/li>\n<li class=\"p1\">\u0442\u0440\u0435\u043d\u0438\u0440\u043e\u0432\u043e\u0447\u043d\u044b\u0439 \u043a\u043e\u043c\u043f\u043b\u0435\u043a\u0441 \u0441\u043e \u0441\u043a\u0430\u043a\u0430\u043b\u043a\u043e\u0439<\/li>\n<\/ul>\n<p class=\"p1\">\u0412\u043e \u0432\u0442\u043e\u0440\u043e\u0439 \u0447\u0430\u0441\u0442\u0438 \u0440\u0430\u0437\u0431\u0438\u0440\u0430\u0435\u043c \u043c\u0435\u0442\u043e\u0434\u0438\u043a\u0443 \u043e\u0431\u0443\u0447\u0435\u043d\u0438\u044f \u0431\u0430\u0437\u043e\u0432\u044b\u043c \u044d\u0448\u0430\u043f\u0435, \u0430 \u0442\u0430\u043a\u0436\u0435 \u0442\u0435\u0445\u043d\u0438\u043a\u0443 \u0432\u044b\u043f\u043e\u043b\u043d\u0435\u043d\u0438\u044f \u0440\u0430\u0437\u043b\u0438\u0447\u043d\u044b\u0445 \u0442\u0438\u043f\u043e\u0432 \u0431\u0440\u043e\u0441\u043a\u043e\u0432.<\/p>\n<p class=\"p1\">\u042d\u0442\u0438 \u0434\u0432\u0438\u0436\u0435\u043d\u0438\u044f \u0434\u043b\u044f \u0434\u0435\u0442\u0435\u0439 \u043c\u043b\u0430\u0434\u0448\u0435\u0433\u043e \u0432\u043e\u0437\u0440\u0430\u0441\u0442\u0430 \u044f\u0432\u043b\u044f\u044e\u0442\u0441\u044f \u0434\u043e\u0441\u0442\u0430\u0442\u043e\u0447\u043d\u043e \u0442\u0440\u0443\u0434\u043d\u044b\u043c\u0438 \u0432 \u043e\u0431\u0443\u0447\u0435\u043d\u0438\u0438. \u041d\u043e \u043e\u0442 \u0442\u043e\u0433\u043e, \u043d\u0430\u0441\u043a\u043e\u043b\u044c\u043a\u043e \u043e\u043d\u0438 \u0442\u043e\u0447\u043d\u043e \u0443\u0441\u0432\u043e\u044f\u0442 \u044d\u0442\u0438 \u044d\u043b\u0435\u043c\u0435\u043d\u0442\u0430\u0440\u043d\u044b\u0435 \u0432\u0435\u0449\u0438, \u0437\u0430\u0432\u0438\u0441\u0438\u0442 \u0438\u0445 \u0434\u0430\u043b\u044c\u043d\u0435\u0439\u0448\u0435\u0435 \u043c\u0430\u0441\u0442\u0435\u0440\u0441\u0442\u0432\u043e \u0441 \u043e\u0441\u0442\u0430\u043b\u044c\u043d\u044b\u043c\u0438 \u043f\u0440\u0435\u0434\u043c\u0435\u0442\u0430\u043c\u0438.<\/p>\n<p class=\"p1\">\u0412\u0435\u0434\u044c &#171;\u0434\u0435\u0442\u0441\u043a\u0438\u0435 \u043e\u0448\u0438\u0431\u043a\u0438&#187; \u043f\u043e\u0442\u043e\u043c \u0438\u0441\u043f\u0440\u0430\u0432\u0438\u0442\u044c \u043f\u0440\u0430\u043a\u0442\u0438\u0447\u0435\u0441\u043a\u0438 \u043d\u0435\u0432\u043e\u0437\u043c\u043e\u0436\u043d\u043e!<\/p>\n<p class=\"p1\">\u0416\u0435\u043b\u0430\u0435\u043c \u0432\u0430\u043c \u0432\u0441\u0435\u043c \u0422\u0435\u0440\u043f\u0435\u043d\u0438\u044f \u0438 \u0412\u0435\u0440\u044b \u0432 \u0441\u0432\u043e\u0438 \u0441\u0438\u043b\u044b!<\/p>\n\n\t\t<\/div>\n\t<\/div>\n<\/div><\/div><\/div><div class=\"wpb_column vc_column_container vc_col-sm-6\"><div class=\"vc_column-inner\"><div class=\"wpb_wrapper\">\n\t<div class=\"wpb_text_column wpb_content_element\" >\n\t\t<div class=\"wpb_wrapper\">\n\t\t\t<p class=\"p1\">ROPE for children 5-7 years old, part 2 (49 min).<\/p>\n<ul>\n<li class=\"p1\">figure eight<\/li>\n<li class=\"p1\">different<span class=\"Apple-converted-space\">\u00a0 <\/span>types of echappe<\/li>\n<li class=\"p1\">different<span class=\"Apple-converted-space\">\u00a0 <\/span>types of tosses<\/li>\n<li class=\"p1\">full complex of rope handling<\/li>\n<\/ul>\n<p class=\"p1\">In the second part, we analyze the methodology for teaching basic echape, as well as the technique of performing various types of tosses.<\/p>\n<p class=\"p1\">These movements for young children are quite challenging to learn. But from that moment on, they will definitely learn these basic things, depending on their further mastery with contact objects.<\/p>\n<p class=\"p1\">After all, \u201cchildhood mistakes\u201d are almost impossible to correct later!<\/p>\n<p class=\"p1\">We wish you all Patience and Faith in your strength!<\/p>\n\n\t\t<\/div>\n\t<\/div>\n<\/div><\/div><\/div><\/div>","protected":false},"excerpt":{"rendered":"[vc_row][vc_column][vc_video link=\"https:\/\/www.youtube.com\/watch?v=xnK3RpNLvtA\" poster_image=\"9222\" image_poster_switch=\"yes\" img_size=\"1280x720\"][\/vc_column][\/vc_row]","protected":false},"featured_media":9222,"comment_status":"open","ping_status":"closed","template":"","meta":[],"product_brand":[],"product_cat":[76],"product_tag":[],"class_list":{"0":"post-7646","1":"product","2":"type-product","3":"status-publish","4":"has-post-thumbnail","6":"product_cat-predmetnaya-podgotovka","8":"first","9":"instock","10":"shipping-taxable","11":"purchasable","12":"product-type-simple"},"aioseo_notices":[],"_links":{"self":[{"href":"https:\/\/protasova.coach\/pl\/wp-json\/wp\/v2\/product\/7646","targetHints":{"allow":["GET"]}}],"collection":[{"href":"https:\/\/protasova.coach\/pl\/wp-json\/wp\/v2\/product"}],"about":[{"href":"https:\/\/protasova.coach\/pl\/wp-json\/wp\/v2\/types\/product"}],"replies":[{"embeddable":true,"href":"https:\/\/protasova.coach\/pl\/wp-json\/wp\/v2\/comments?post=7646"}],"wp:featuredmedia":[{"embeddable":true,"href":"https:\/\/protasova.coach\/pl\/wp-json\/wp\/v2\/media\/9222"}],"wp:attachment":[{"href":"https:\/\/protasova.coach\/pl\/wp-json\/wp\/v2\/media?parent=7646"}],"wp:term":[{"taxonomy":"product_brand","embeddable":true,"href":"https:\/\/protasova.coach\/pl\/wp-json\/wp\/v2\/product_brand?post=7646"},{"taxonomy":"product_cat","embeddable":true,"href":"https:\/\/protasova.coach\/pl\/wp-json\/wp\/v2\/product_cat?post=7646"},{"taxonomy":"product_tag","embeddable":true,"href":"https:\/\/protasova.coach\/pl\/wp-json\/wp\/v2\/product_tag?post=7646"}],"curies":[{"name":"wp","href":"https:\/\/api.w.org\/{rel}","templated":true}]}}