{"id":3169,"date":"2021-01-14T18:03:25","date_gmt":"2021-01-14T15:03:25","guid":{"rendered":"https:\/\/protasova.coach\/?post_type=product&#038;p=3169"},"modified":"2026-02-05T23:15:47","modified_gmt":"2026-02-05T21:15:47","slug":"%d0%b2%d0%b5%d0%b1%d0%b8%d0%bd%d0%b0%d1%80-%d0%b4%d0%bb%d1%8f-%d1%80%d0%be%d0%b4%d0%b8%d1%82%d0%b5%d0%bb%d0%b5%d0%b9-%d0%b3%d0%b8%d0%bc%d0%bd%d0%b0%d1%81%d1%82%d0%be%d0%ba-2-%d1%87%d0%b0%d1%81%d1%82","status":"publish","type":"product","link":"https:\/\/protasova.coach\/pl\/produkt\/%d0%b2%d0%b5%d0%b1%d0%b8%d0%bd%d0%b0%d1%80-%d0%b4%d0%bb%d1%8f-%d1%80%d0%be%d0%b4%d0%b8%d1%82%d0%b5%d0%bb%d0%b5%d0%b9-%d0%b3%d0%b8%d0%bc%d0%bd%d0%b0%d1%81%d1%82%d0%be%d0%ba-2-%d1%87%d0%b0%d1%81%d1%82\/","title":{"rendered":"Webinar dla rodzic\u00f3w gimnastyczek. Cz\u0119\u015b\u0107 2 (1 godzina 55 minut)"},"content":{"rendered":"<div class=\"vc_row wpb_row vc_row-fluid\"><div class=\"wpb_column vc_column_container vc_col-sm-12\"><div class=\"vc_column-inner\"><div class=\"wpb_wrapper\">\n\t<div class=\"wpb_text_column wpb_content_element\" >\n\t\t<div class=\"wpb_wrapper\">\n\t\t\t<p>\u0412\u0435\u0431\u0438\u043d\u0430\u0440 \u0414\u041b\u042f \u0420\u041e\u0414\u0418\u0422\u0415\u041b\u0415\u0419 (2 \u0447\u0430\u0441\u0442\u044c).<\/p>\n<p>\u2705 \u041f\u0440\u043e\u0434\u043e\u043b\u0436\u0438\u043c \u0440\u0430\u0437\u0433\u043e\u0432\u043e\u0440 \u043e \u0441\u0442\u0430\u043d\u043e\u0432\u043b\u0435\u043d\u0438\u0438 \u0445\u0430\u0440\u0430\u043a\u0442\u0435\u0440\u0430 \u0438 \u043e \u0440\u043e\u043b\u0438 \u0433\u0438\u043c\u043d\u0430\u0441\u0442\u0438\u043a\u0438 \u0432 \u044d\u0442\u043e\u043c \u043f\u0440\u043e\u0446\u0435\u0441\u0441\u0435.<br \/>\n\u2705 \u041f\u043e\u0433\u043e\u0432\u043e\u0440\u0438\u043c \u043e \u043f\u043e\u0434\u0433\u043e\u0442\u043e\u0432\u043a\u0435 \u043a \u0441\u043e\u0440\u0435\u0432\u043d\u043e\u0432\u0430\u043d\u0438\u044f\u043c \u0438 \u0441\u0431\u043e\u0440\u0430\u043c.<br \/>\n\u2705 \u041a\u0430\u043a \u043f\u0435\u0440\u0435\u0436\u0438\u0442\u044c \u043f\u043e\u0434\u0440\u043e\u0441\u0442\u043a\u043e\u0432\u044b\u0439 \u0432\u043e\u0437\u0440\u0430\u0441\u0442 \u0438 \u043f\u0440\u043e\u0434\u043e\u043b\u0436\u0438\u0442\u044c \u0441\u0432\u043e\u0435 \u0434\u0432\u0438\u0436\u0435\u043d\u0438\u0435 \u0432\u043f\u0435\u0440\u0451\u0434?<br \/>\n\u2705 \u041a\u0430\u043a \u043d\u0430\u043b\u0430\u0434\u0438\u0442\u044c \u043e\u0442\u043d\u043e\u0448\u0435\u043d\u0438\u044f \u0432\u043d\u0443\u0442\u0440\u0438 \u043a\u043e\u043c\u0430\u043d\u0434\u044b?<br \/>\n\u2705 \u0418 \u043a\u043e\u043d\u0435\u0447\u043d\u043e \u043e \u0442\u043e\u043c \u043a\u0430\u043a \u043d\u0430\u0439\u0442\u0438 \u043e\u0431\u0449\u0438\u0439 \u044f\u0437\u044b\u043a \u043c\u0435\u0436\u0434\u0443 \u0442\u0440\u0435\u043d\u0435\u0440\u043e\u043c \u0438 \u0440\u043e\u0434\u0438\u0442\u0435\u043b\u044f\u043c\u0438!<br \/>\n\u2705 \u041e\u0442\u0432\u0435\u0447\u0443 \u043d\u0430 \u0432\u043e\u043f\u0440\u043e\u0441\u044b!<\/p>\n<p>&nbsp;<\/p>\n<p>\u041f\u043e\u0433\u043e\u0432\u043e\u0440\u0438\u043b\u0438 \u043e\u0431 \u0430\u043a\u0442\u0443\u0430\u043b\u044c\u043d\u044b\u0445 \u0432\u043e\u043f\u0440\u043e\u0441\u0430\u0445 \u0432\u0437\u0430\u0438\u043c\u043e\u0434\u0435\u0439\u0441\u0442\u0432\u0438\u044f \u043c\u0435\u0436\u0434\u0443 \u0440\u043e\u0434\u0438\u0442\u0435\u043b\u044f\u043c\u0438 \u0438 \u0442\u0440\u0435\u043d\u0435\u0440\u043e\u043c.<br \/>\n\u041e\u0431\u0441\u0443\u0434\u0438\u043b\u0438 \u0442\u0435\u043c\u0443 \u043f\u043e\u043c\u043e\u0449\u0438 \u0440\u043e\u0434\u0438\u0442\u0435\u043b\u0435\u0439 \u043f\u0440\u0438 \u043f\u043e\u0434\u0433\u043e\u0442\u043e\u0432\u043a\u0435 \u043a \u0441\u043e\u0440\u0435\u0432\u043d\u043e\u0432\u0430\u043d\u0438\u044f\u043c \u0438 \u043a\u0430\u043a \u0431\u043e\u0440\u043e\u0442\u044c\u0441\u044f \u0432\u043e\u043b\u043d\u0435\u043d\u0438\u0435\u043c \u0438 \u0441\u0442\u0440\u0430\u0445\u043e\u043c.<br \/>\n\u041f\u043e\u0433\u043e\u0432\u043e\u0440\u0438\u043b\u0438 \u043e \u0441\u043b\u043e\u0436\u043d\u043e\u0441\u0442\u044f\u0445 \u0432 \u043f\u043e\u0434\u0440\u043e\u0441\u0442\u043a\u043e\u0432\u043e\u043c \u0432\u043e\u0437\u0440\u0430\u0441\u0442\u0435 .<br \/>\n\u041e \u0442\u043e\u043c \u043a\u0430\u043a \u043f\u043e\u043c\u043e\u0447\u044c \u0441\u0444\u043e\u0440\u043c\u0438\u0440\u043e\u0432\u0430\u0442\u044c \u043a\u043e\u043c\u0430\u043d\u0434\u0443 \u0432 \u0433\u0440\u0443\u043f\u043f\u043e\u0432\u044b\u0445 \u0443\u043f\u0440\u0430\u0436\u043d\u0435\u043d\u0438\u044f\u0445.<br \/>\n\u041f\u043e\u043f\u044b\u0442\u0430\u043b\u0430\u0441\u044c \u0447\u0435\u0441\u0442\u043d\u043e \u043e\u0442\u0432\u0435\u0442\u0438\u0442\u044c \u043d\u0430 \u0432\u043e\u043f\u0440\u043e\u0441\u044b \ud83d\ude4f<br \/>\n\u042f \u0434\u0443\u043c\u0430\u044e, \u0447\u0442\u043e \u0432\u0435\u0431\u0438\u043d\u0430\u0440 \u0431\u0443\u0434\u0435\u0442 \u043f\u043e\u043b\u0435\u0437\u043d\u043e \u043f\u043e\u0441\u043c\u043e\u0442\u0440\u0435\u0442\u044c \u043c\u043d\u043e\u0433\u0438\u043c \u0440\u043e\u0434\u0438\u0442\u0435\u043b\u044f\u043c \u0438 \u0442\u0440\u0435\u043d\u0435\u0440\u0430\u043c, \u0447\u0442\u043e\u0431\u044b \u043f\u043e\u043d\u044f\u0442\u044c ,\u0447\u0442\u043e \u043c\u044b \u0434\u0435\u043b\u0430\u0435\u043c \u043e\u0434\u043d\u043e \u041e\u0411\u0429\u0415\u0415 \u0434\u0435\u043b\u043e: \u0412\u041e\u0421\u041f\u0418\u0422\u042b\u0412\u0410\u0415\u041c \u041b\u0418\u0427\u041d\u041e\u0421\u0422\u042c!<\/p>\n\n\t\t<\/div>\n\t<\/div>\n<\/div><\/div><\/div><\/div>","protected":false},"excerpt":{"rendered":"[vc_row][vc_column][vc_video link=\"https:\/\/www.youtube.com\/watch?v=RpgWBj7Rxeo&amp;list=PLJJHu3g9c7mDox-ApqGIcChVinxQywFTv&amp;index=9\" poster_image=\"9228\" image_poster_switch=\"yes\" img_size=\"1280x720\"][\/vc_column][\/vc_row]","protected":false},"featured_media":9228,"comment_status":"open","ping_status":"closed","template":"","meta":[],"product_brand":[],"product_cat":[71],"product_tag":[],"class_list":{"0":"post-3169","1":"product","2":"type-product","3":"status-publish","4":"has-post-thumbnail","6":"product_cat-71","8":"first","9":"instock","10":"shipping-taxable","11":"purchasable","12":"product-type-simple"},"aioseo_notices":[],"_links":{"self":[{"href":"https:\/\/protasova.coach\/pl\/wp-json\/wp\/v2\/product\/3169","targetHints":{"allow":["GET"]}}],"collection":[{"href":"https:\/\/protasova.coach\/pl\/wp-json\/wp\/v2\/product"}],"about":[{"href":"https:\/\/protasova.coach\/pl\/wp-json\/wp\/v2\/types\/product"}],"replies":[{"embeddable":true,"href":"https:\/\/protasova.coach\/pl\/wp-json\/wp\/v2\/comments?post=3169"}],"wp:featuredmedia":[{"embeddable":true,"href":"https:\/\/protasova.coach\/pl\/wp-json\/wp\/v2\/media\/9228"}],"wp:attachment":[{"href":"https:\/\/protasova.coach\/pl\/wp-json\/wp\/v2\/media?parent=3169"}],"wp:term":[{"taxonomy":"product_brand","embeddable":true,"href":"https:\/\/protasova.coach\/pl\/wp-json\/wp\/v2\/product_brand?post=3169"},{"taxonomy":"product_cat","embeddable":true,"href":"https:\/\/protasova.coach\/pl\/wp-json\/wp\/v2\/product_cat?post=3169"},{"taxonomy":"product_tag","embeddable":true,"href":"https:\/\/protasova.coach\/pl\/wp-json\/wp\/v2\/product_tag?post=3169"}],"curies":[{"name":"wp","href":"https:\/\/api.w.org\/{rel}","templated":true}]}}