{"id":3167,"date":"2021-01-14T17:55:02","date_gmt":"2021-01-14T14:55:02","guid":{"rendered":"https:\/\/protasova.coach\/?post_type=product&#038;p=3167"},"modified":"2026-02-05T23:14:50","modified_gmt":"2026-02-05T21:14:50","slug":"%d0%b2%d0%b5%d0%b1%d0%b8%d0%bd%d0%b0%d1%80-%d0%b4%d0%bb%d1%8f-%d1%80%d0%be%d0%b4%d0%b8%d1%82%d0%b5%d0%bb%d0%b5%d0%b9-%d0%b3%d0%b8%d0%bc%d0%bd%d0%b0%d1%81%d1%82%d0%be%d0%ba-1-%d1%87%d0%b0%d1%81%d1%82","status":"publish","type":"product","link":"https:\/\/protasova.coach\/pl\/produkt\/%d0%b2%d0%b5%d0%b1%d0%b8%d0%bd%d0%b0%d1%80-%d0%b4%d0%bb%d1%8f-%d1%80%d0%be%d0%b4%d0%b8%d1%82%d0%b5%d0%bb%d0%b5%d0%b9-%d0%b3%d0%b8%d0%bc%d0%bd%d0%b0%d1%81%d1%82%d0%be%d0%ba-1-%d1%87%d0%b0%d1%81%d1%82\/","title":{"rendered":"Webinar dla rodzic\u00f3w gimnastyczek. Cz\u0119\u015b\u0107 1 (1 godzina 45 minut)"},"content":{"rendered":"<div class=\"vc_row wpb_row vc_row-fluid\"><div class=\"wpb_column vc_column_container vc_col-sm-12\"><div class=\"vc_column-inner\"><div class=\"wpb_wrapper\">\n\t<div class=\"wpb_text_column wpb_content_element\" >\n\t\t<div class=\"wpb_wrapper\">\n\t\t\t<p>\u0412\u0435\u0431\u0438\u043d\u0430\u0440 \u0434\u043b\u044f \u0440\u043e\u0434\u0438\u0442\u0435\u043b\u0435\u0439 \u0433\u0438\u043c\u043d\u0430\u0441\u0442\u043e\u043a (1 \u0447\u0430\u0441\u0442\u044c)<br \/>\n\u0421\u043f\u0430\u0441\u0438\u0431\u043e \u0432\u0441\u0435\u043c \u043a\u0442\u043e \u043f\u0440\u0438\u0441\u0443\u0442\u0441\u0442\u0432\u043e\u0432\u0430\u043b \u0437\u0430 \u0442\u043e, \u0447\u0442\u043e \u0434\u043e\u0432\u0435\u0440\u044f\u0435\u0442\u0435 \u043c\u043d\u0435 \u0438 \u043c\u043e\u0435\u043c\u0443 \u043e\u043f\u044b\u0442\u0443!<br \/>\n\u041f\u0440\u0438 \u043f\u043e\u0434\u0433\u043e\u0442\u043e\u0432\u043a\u0435 \u043a \u0432\u0435\u0431\u0438\u043d\u0430\u0440\u0443 \u0431\u044b\u043b\u043e \u043f\u0440\u0438\u0441\u043b\u0430\u043d\u043e \u043e\u0447\u0435\u043d\u044c \u043c\u043d\u043e\u0433\u043e \u0432\u043e\u043f\u0440\u043e\u0441\u043e\u0432:<\/p>\n<p>1. \u041f\u0440\u0430\u0432\u0438\u043b\u044c\u043d\u044b\u0435 \u043e\u0442\u043d\u043e\u0448\u0435\u043d\u0438\u044f: \u0420\u043e\u0434\u0438\u0442\u0435\u043b\u0438 &#8212; \u0413\u0438\u043c\u043d\u0430\u0441\u0442\u043a\u0430 &#8212; \u0422\u0440\u0435\u043d\u0435\u0440<br \/>\n2. \u0412 \u0447\u0435\u043c \u0440\u043e\u043b\u044c \u0440\u043e\u0434\u0438\u0442\u0435\u043b\u0435\u0439?<br \/>\n3. \u041a\u0430\u043a \u043f\u043e\u043c\u043e\u0447\u044c \u0441\u0432\u043e\u0435\u043c\u0443 \u0440\u0435\u0431\u0451\u043d\u043a\u0443?<br \/>\n4. \u041a\u0430\u043a \u0432\u044b\u0440\u0430\u0431\u043e\u0442\u0430\u0442\u044c \u0441\u043f\u043e\u0440\u0442\u0438\u0432\u043d\u044b\u0439 \u0445\u0430\u0440\u0430\u043a\u0442\u0435\u0440?<br \/>\n5. \u041a\u0430\u043a \u043c\u043e\u0442\u0438\u0432\u0438\u0440\u043e\u0432\u0430\u0442\u044c \u0440\u0435\u0431\u0451\u043d\u043a\u0430?<br \/>\n6. \u041a\u0430\u043a \u0441\u043e\u0432\u043c\u0435\u0441\u0442\u0438\u0442\u044c \u0448\u043a\u043e\u043b\u0443 \u0438 \u0442\u0440\u0435\u043d\u0438\u0440\u043e\u0432\u043a\u0438?<br \/>\n7. \u041a\u0430\u043a \u0432\u044b\u0441\u0442\u0440\u043e\u0438\u0442\u044c \u043e\u0442\u043d\u043e\u0448\u0435\u043d\u0438\u044f \u0441 \u0442\u0440\u0435\u043d\u0435\u0440\u043e\u043c \u0438 \u043a\u0430\u043a \u043d\u0430\u0439\u0442\u0438 \u0421\u0412\u041e\u0415\u0413\u041e \u0442\u0440\u0435\u043d\u0435\u0440\u0430?<br \/>\n8. \u0421\u043e\u0440\u0435\u0432\u043d\u043e\u0432\u0430\u043d\u0438\u044f \u0438 \u0441\u0431\u043e\u0440\u044b<br \/>\n9. \u041f\u043e\u0434\u0440\u043e\u0441\u0442\u043a\u043e\u0432\u044b\u0439 \u0432\u043e\u0437\u0440\u0430\u0441\u0442 \u0432 \u0433\u0438\u043c\u043d\u0430\u0441\u0442\u0438\u043a\u0435<\/p>\n<p>\u041f\u043e\u043b\u0442\u043e\u0440\u0430 \u0447\u0430\u0441\u0430 \u043f\u0440\u043e\u043b\u0435\u0442\u0435\u043b\u0438 \u043d\u0435\u0437\u0430\u043c\u0435\u0442\u043d\u043e. \u0425\u043e\u0442\u0435\u043b\u043e\u0441\u044c \u043f\u043e\u0434\u0440\u043e\u0431\u043d\u0435\u0435 \u043e\u0441\u0432\u0435\u0442\u0438\u0442\u044c \u0432\u0441\u0435 \u043f\u0440\u043e\u0431\u043b\u0435\u043c\u044b \u0438 \u0432\u043e\u043f\u0440\u043e\u0441\u044b \u0441 \u0442\u043e\u0447\u043a\u0438 \u0437\u0440\u0435\u043d\u0438\u044f \u0438\u043c\u0435\u043d\u043d\u043e \u0422\u0440\u0435\u043d\u0435\u0440\u0430. \u041f\u043e\u043c\u043e\u0447\u044c \u0440\u043e\u0434\u0438\u0442\u0435\u043b\u044f\u043c \u043f\u043e\u043d\u044f\u0442\u044c, \u043a\u0430\u043a \u043c\u043e\u0436\u043d\u043e \u0438 \u043d\u0443\u0436\u043d\u043e \u043f\u043e\u043c\u043e\u0447\u044c \u0441\u0432\u043e\u0435\u043c\u0443 \u0440\u0435\u0431\u0451\u043d\u043a\u0443.<\/p>\n<p>\u0411\u0443\u0434\u0443 \u043e\u0447\u0435\u043d\u044c \u0440\u0430\u0434\u0430, \u0435\u0441\u043b\u0438 \u043c\u043e\u0438 \u043d\u0430\u0440\u0430\u0431\u043e\u0442\u043a\u0438 \u043f\u0440\u0438\u0433\u043e\u0434\u044f\u0442\u0441\u044f \u0432 \u0432\u043e\u0441\u043f\u0438\u0442\u0430\u043d\u0438\u0438 \u044e\u043d\u044b\u0445 \u0433\u0438\u043c\u043d\u0430\u0441\u0442\u043e\u043a!<br \/>\n\u041d\u0435 \u0443\u0441\u043f\u0435\u043b\u0438 \u043f\u043e\u0433\u043e\u0432\u043e\u0440\u0438\u0442\u044c \u043e \u0442\u043e\u043c \u043a\u0430\u043a \u043d\u0430\u0439\u0442\u0438 \u0421\u0412\u041e\u0415\u0413\u041e \u0442\u0440\u0435\u043d\u0435\u0440\u0430, \u043a\u0430\u043a \u043d\u0430\u0441\u0442\u0440\u0430\u0438\u0432\u0430\u0442\u044c\u0441\u044f \u043d\u0430 \u0441\u043e\u0440\u0435\u0432\u043d\u043e\u0432\u0430\u043d\u0438\u044f, \u043a\u0430\u043a \u043f\u0440\u0435\u043e\u0434\u043e\u043b\u0435\u0432\u0430\u0442\u044c \u0441\u0432\u043e\u0438 \u0441\u0442\u0440\u0430\u0445\u0438, \u043a\u0430\u043a &#171;\u043f\u0435\u0440\u0435\u0436\u0438\u0442\u044c&#8217; \u043f\u043e\u0434\u0440\u043e\u0441\u0442\u043a\u043e\u0432\u044b\u0439 \u0432\u043e\u0437\u0440\u0430\u0441\u0442<\/p>\n<p>\u0417\u043d\u0430\u0447\u0438\u0442 \u0432\u0441\u0442\u0440\u0435\u0442\u0438\u043c\u0441\u044f \u0435\u0449\u0451 \u0440\u0430\u0437 \u0432\u043e \u0432\u0442\u043e\u0440\u043e\u0439 \u0447\u0430\u0441\u0442\u0438 \u0432\u0435\u0431\u0438\u043d\u0430\u0440\u0430!<\/p>\n\n\t\t<\/div>\n\t<\/div>\n<\/div><\/div><\/div><\/div>","protected":false},"excerpt":{"rendered":"[vc_row][vc_column][vc_video link=\"https:\/\/www.youtube.com\/watch?v=hwHQeuAy8aE&amp;list=PLJJHu3g9c7mDox-ApqGIcChVinxQywFTv&amp;index=8\" poster_image=\"9227\" image_poster_switch=\"yes\" img_size=\"1280x720\"][\/vc_column][\/vc_row]","protected":false},"featured_media":9227,"comment_status":"open","ping_status":"closed","template":"","meta":[],"product_brand":[],"product_cat":[71],"product_tag":[],"class_list":{"0":"post-3167","1":"product","2":"type-product","3":"status-publish","4":"has-post-thumbnail","6":"product_cat-71","8":"first","9":"instock","10":"shipping-taxable","11":"purchasable","12":"product-type-simple"},"aioseo_notices":[],"_links":{"self":[{"href":"https:\/\/protasova.coach\/pl\/wp-json\/wp\/v2\/product\/3167","targetHints":{"allow":["GET"]}}],"collection":[{"href":"https:\/\/protasova.coach\/pl\/wp-json\/wp\/v2\/product"}],"about":[{"href":"https:\/\/protasova.coach\/pl\/wp-json\/wp\/v2\/types\/product"}],"replies":[{"embeddable":true,"href":"https:\/\/protasova.coach\/pl\/wp-json\/wp\/v2\/comments?post=3167"}],"wp:featuredmedia":[{"embeddable":true,"href":"https:\/\/protasova.coach\/pl\/wp-json\/wp\/v2\/media\/9227"}],"wp:attachment":[{"href":"https:\/\/protasova.coach\/pl\/wp-json\/wp\/v2\/media?parent=3167"}],"wp:term":[{"taxonomy":"product_brand","embeddable":true,"href":"https:\/\/protasova.coach\/pl\/wp-json\/wp\/v2\/product_brand?post=3167"},{"taxonomy":"product_cat","embeddable":true,"href":"https:\/\/protasova.coach\/pl\/wp-json\/wp\/v2\/product_cat?post=3167"},{"taxonomy":"product_tag","embeddable":true,"href":"https:\/\/protasova.coach\/pl\/wp-json\/wp\/v2\/product_tag?post=3167"}],"curies":[{"name":"wp","href":"https:\/\/api.w.org\/{rel}","templated":true}]}}