{"id":958,"date":"2017-08-30T09:44:58","date_gmt":"2017-08-30T09:44:58","guid":{"rendered":"http:\/\/dummy.xtemos.com\/woodmart\/demos\/?page_id=958"},"modified":"2024-07-13T11:05:57","modified_gmt":"2024-07-13T09:05:57","slug":"home-food","status":"publish","type":"page","link":"https:\/\/protasova.coach\/pl\/","title":{"rendered":"Strona G\u0142\u00f3wna"},"content":{"rendered":"<section data-vc-full-width=\"true\" data-vc-full-width-init=\"false\" class=\"vc_section wpb_animate_when_almost_visible wpb_bounceIn bounceIn vc_custom_1603951738843 vc_section-has-fill vc_row-o-full-height vc_section-o-content-middle vc_section-flex\"><div class=\"vc_row wpb_row vc_row-fluid vc_row-o-full-height vc_row-o-columns-middle vc_row-flex\"><div class=\"wpb_column vc_column_container vc_col-sm-8\"><div class=\"vc_column-inner\"><div class=\"wpb_wrapper\"><div class=\"vc_row wpb_row vc_inner vc_row-fluid\"><div class=\"wpb_column vc_column_container vc_col-sm-2\"><div class=\"vc_column-inner\"><div class=\"wpb_wrapper\"><\/div><\/div><\/div><div class=\"wpb_column vc_column_container vc_col-sm-8\"><div class=\"vc_column-inner\"><div class=\"wpb_wrapper\">\n\t<div class=\"wpb_text_column wpb_content_element\" >\n\t\t<div class=\"wpb_wrapper\">\n\t\t\t<h1 style=\"text-align: center;\">LEKCJE GIMNASTYKI ARTYSTYCZNEJ<\/h1>\n\n\t\t<\/div>\n\t<\/div>\n<\/div><\/div><\/div><div class=\"wpb_column vc_column_container vc_col-sm-2\"><div class=\"vc_column-inner\"><div class=\"wpb_wrapper\"><\/div><\/div><\/div><\/div>\n\t<div class=\"wpb_text_column wpb_content_element\" >\n\t\t<div class=\"wpb_wrapper\">\n\t\t\t<p style=\"text-align: center;\">W naszych lekcjach znajdziesz zaawansowane metody treningu dla sportowc\u00f3w na wysokim poziomie. Naszym g\u0142\u00f3wnym celem jest wychowanie nie tylko mistrz\u00f3w, ale przede wszystkim zdrowych, odpowiedzialnych i odnosz\u0105cych sukcesy ludzi!<\/p>\n\n\t\t<\/div>\n\t<\/div>\n<div id=\"wd-606a28f957a84\" class=\"woodmart-button-wrapper text-center\"><a href=\"https:\/\/protasova.coach\/pl\/shop\/\" title=\"Lekcj\u0119 wideo\" class=\"btn btn-color-primary btn-style-default btn-shape-rectangle btn-size-large\">Kup lekcj\u0119 wideo<\/a><\/div><\/div><\/div><\/div><div class=\"wpb_column vc_column_container vc_col-sm-4\"><div class=\"vc_column-inner\"><div class=\"wpb_wrapper\"><\/div><\/div><\/div><\/div><\/section><div class=\"vc_row-full-width vc_clearfix\"><\/div><section data-vc-full-width=\"true\" data-vc-full-width-init=\"false\" class=\"vc_section wpb_animate_when_almost_visible wpb_bounceIn bounceIn vc_custom_1603887125942 vc_section-has-fill vc_row-o-full-height vc_section-o-content-middle vc_section-flex\"><div class=\"vc_row wpb_row vc_row-fluid\"><div class=\"wpb_column vc_column_container vc_col-sm-2\/5\"><div class=\"vc_column-inner\"><div class=\"wpb_wrapper\"><\/div><\/div><\/div><div class=\"wpb_column vc_column_container vc_col-sm-3\/5\"><div class=\"vc_column-inner\"><div class=\"wpb_wrapper\">\n\t<div class=\"wpb_text_column wpb_content_element\" >\n\t\t<div class=\"wpb_wrapper\">\n\t\t\t<h2 style=\"text-align: center;\">\"Jestem Marina Protasova, profesjonalnym trenerem gimnastyki artystycznej.\"<\/h2>\n<p style=\"text-align: center;\">Posiadam d\u0142ugoletnie do\u015bwiadczenie trenerskie oraz ogromne do\u015bwiadczenie w pracy z dzie\u0107mi w wieku od 5 do 17 lat. Przez 40 lat szkoli\u0142am gimnastyczki od podstawowej edukacji po poziom mistrza sportu mi\u0119dzynarodowego i cz\u0142onk\u00f3w reprezentacji narodowej.<\/p>\n<p style=\"text-align: center;\">Wszyscy pragniemy, aby nasze dzieci jak najd\u0142u\u017cej cieszy\u0142y nas swoimi wyst\u0119pami na macie, dlatego proces treningowy musi by\u0107 maksymalnie profesjonalnie zorganizowany.<\/p>\n\n\t\t<\/div>\n\t<\/div>\n<div id=\"wd-606a29076e320\" class=\"woodmart-button-wrapper text-center\"><a href=\"https:\/\/protasova.coach\/pl\/%d0%be-%d1%82%d1%80%d0%b5%d0%bd%d0%b5%d1%80%d0%b5\/\" title=\"O trenerze\" class=\"btn btn-color-primary btn-style-default btn-shape-rectangle btn-size-large\">Wi\u0119cej<\/a><\/div><\/div><\/div><\/div><\/div><\/section><div class=\"vc_row-full-width vc_clearfix\"><\/div><div data-vc-full-width=\"true\" data-vc-full-width-init=\"false\" data-vc-stretch-content=\"true\" class=\"vc_row wpb_row vc_row-fluid vc_custom_1605256441540 vc_row-no-padding\"><\/div><div class=\"vc_row-full-width vc_clearfix\"><\/div><section data-vc-full-width=\"true\" data-vc-full-width-init=\"false\" class=\"vc_section wpb_animate_when_almost_visible wpb_bounceIn bounceIn vc_custom_1605256477834 vc_section-has-fill vc_row-o-full-height vc_section-o-content-middle vc_section-flex\"><div class=\"vc_row wpb_row vc_row-fluid\"><\/div><div class=\"vc_row wpb_row vc_row-fluid\"><div class=\"wpb_column vc_column_container vc_col-sm-8\"><div class=\"vc_column-inner\"><div class=\"wpb_wrapper\">\n\t<div class=\"wpb_text_column wpb_content_element\" >\n\t\t<div class=\"wpb_wrapper\">\n\t\t\t<h2 style=\"text-align: center;\"><span class=\"eltdf-cf-title-light\">Z NASZYMI LEKCJAMI WIDEO TWOJE DZIECKO ZDOB\u0118DZIE WSZYSTKIE UMIEJ\u0118TNO\u015aCI W GIMNASTYCE ARTYSTYCZNEJ<\/span><\/h2>\n\n\t\t<\/div>\n\t<\/div>\n<\/div><\/div><\/div><div class=\"wpb_column vc_column_container vc_col-sm-4\"><div class=\"vc_column-inner\"><div class=\"wpb_wrapper\"><div id=\"wd-606a291acb610\" class=\"woodmart-button-wrapper text-center\"><a href=\"https:\/\/protasova.coach\/pl\/shop\/\" title=\"Lekcj\u0119 wideo\" class=\"btn btn-color-primary btn-style-default btn-shape-rectangle btn-size-large\">Obejrzyj wszystkie lekcje<\/a><\/div><\/div><\/div><\/div><\/div><\/section><div class=\"vc_row-full-width vc_clearfix\"><\/div>","protected":false},"excerpt":{"rendered":"\u0412\u0418\u0414\u0415\u041e\u0423\u0420\u041e\u041a\u0418 \u041f\u041e \u0425\u0423\u0414\u041e\u0416\u0415\u0421\u0422\u0412\u0415\u041d\u041d\u041e\u0419 \u0413\u0418\u041c\u041d\u0410\u0421\u0422\u0418\u041a\u0415 \u0412 \u043d\u0430\u0448\u0438\u0445 \u0432\u0438\u0434\u0435\u043e\u0443\u0440\u043e\u043a\u0430\u0445 \u0432\u044b \u043d\u0430\u0439\u0434\u0451\u0442\u0435 \u043f\u0435\u0440\u0435\u0434\u043e\u0432\u044b\u0435 \u043c\u0435\u0442\u043e\u0434\u0438\u043a\u0438 \u043f\u043e\u0434\u0433\u043e\u0442\u043e\u0432\u043a\u0438 \u0441\u043f\u043e\u0440\u0442\u0441\u043c\u0435\u043d\u043e\u0432 \u0432\u044b\u0441\u043e\u043a\u043e\u0433\u043e \u0443\u0440\u043e\u0432\u043d\u044f, \u043e\u0441\u043d\u043e\u0432\u043d\u0430\u044f \u0446\u0435\u043b\u044c \u043a\u043e\u0442\u043e\u0440\u044b\u0445 \u0432\u043e\u0441\u043f\u0438\u0442\u0430\u0442\u044c \u043d\u0435","protected":false},"author":2,"featured_media":0,"parent":0,"menu_order":0,"comment_status":"closed","ping_status":"closed","template":"","meta":{"footnotes":""},"class_list":["post-958","page","type-page","status-publish","hentry"],"aioseo_notices":[],"_links":{"self":[{"href":"https:\/\/protasova.coach\/pl\/wp-json\/wp\/v2\/pages\/958","targetHints":{"allow":["GET"]}}],"collection":[{"href":"https:\/\/protasova.coach\/pl\/wp-json\/wp\/v2\/pages"}],"about":[{"href":"https:\/\/protasova.coach\/pl\/wp-json\/wp\/v2\/types\/page"}],"author":[{"embeddable":true,"href":"https:\/\/protasova.coach\/pl\/wp-json\/wp\/v2\/users\/2"}],"replies":[{"embeddable":true,"href":"https:\/\/protasova.coach\/pl\/wp-json\/wp\/v2\/comments?post=958"}],"version-history":[{"count":44,"href":"https:\/\/protasova.coach\/pl\/wp-json\/wp\/v2\/pages\/958\/revisions"}],"predecessor-version":[{"id":7894,"href":"https:\/\/protasova.coach\/pl\/wp-json\/wp\/v2\/pages\/958\/revisions\/7894"}],"wp:attachment":[{"href":"https:\/\/protasova.coach\/pl\/wp-json\/wp\/v2\/media?parent=958"}],"curies":[{"name":"wp","href":"https:\/\/api.w.org\/{rel}","templated":true}]}}